{"id":6,"date":"2022-01-20T22:38:23","date_gmt":"2022-01-20T22:38:23","guid":{"rendered":"https:\/\/kanthak-business-intelligence.de\/?page_id=6"},"modified":"2022-02-16T14:41:30","modified_gmt":"2022-02-16T14:41:30","slug":"about","status":"publish","type":"page","link":"https:\/\/kanthak-business-intelligence.de\/about\/","title":{"rendered":"About"},"content":{"rendered":"\n<figure class=\"wp-block-image size-full is-resized is-style-default\"><img loading=\"lazy\" decoding=\"async\" src=\"https:\/\/kanthak-business-intelligence.de\/wp-content\/uploads\/2022\/01\/IMG-20201021.jpg\" alt=\"\" class=\"wp-image-28\" width=\"256\" height=\"256\" srcset=\"https:\/\/kanthak-business-intelligence.de\/wp-content\/uploads\/2022\/01\/IMG-20201021.jpg 1024w, https:\/\/kanthak-business-intelligence.de\/wp-content\/uploads\/2022\/01\/IMG-20201021-300x300.jpg 300w, https:\/\/kanthak-business-intelligence.de\/wp-content\/uploads\/2022\/01\/IMG-20201021-150x150.jpg 150w, https:\/\/kanthak-business-intelligence.de\/wp-content\/uploads\/2022\/01\/IMG-20201021-768x768.jpg 768w, https:\/\/kanthak-business-intelligence.de\/wp-content\/uploads\/2022\/01\/IMG-20201021-500x500.jpg 500w\" sizes=\"auto, (max-width: 256px) 100vw, 256px\" \/><figcaption>Marinus Kanthak<\/figcaption><\/figure>\n\n\n\n<p>Ich bin seit \u00fcber 20 Jahren Berater f\u00fcr SAS Software, Data Warehouse und Business Intelligence f\u00fcr Banken, Versicherungen, dem privaten und \u00f6ffentlichen Sektor mit breiter Erfahrung in den Gebieten Technischer Architektur, Entwicklung, Dokumentation, Anpassung, Implementierung und Testing von Business L\u00f6sungen.<\/p>\n\n\n\n<p>Seit Januar 2018 biete ich meine Leistungen freiberuflich an.<\/p>\n","protected":false},"excerpt":{"rendered":"<p>Ich bin seit \u00fcber 20 Jahren Berater f\u00fcr SAS Software, Data Warehouse und Business Intelligence f\u00fcr Banken, Versicherungen, dem privaten und \u00f6ffentlichen Sektor mit breiter Erfahrung in den Gebieten Technischer<a class=\"more-link\" href=\"https:\/\/kanthak-business-intelligence.de\/about\/\"><span class=\"screen-reader-text\">&#8222;About&#8220;<\/span> weiterlesen<\/a><\/p>\n","protected":false},"author":1,"featured_media":0,"parent":0,"menu_order":0,"comment_status":"closed","ping_status":"closed","template":"","meta":{"footnotes":""},"class_list":["post-6","page","type-page","status-publish","hentry","entry"],"_links":{"self":[{"href":"https:\/\/kanthak-business-intelligence.de\/about\/wp-json\/wp\/v2\/pages\/6","targetHints":{"allow":["GET"]}}],"collection":[{"href":"https:\/\/kanthak-business-intelligence.de\/about\/wp-json\/wp\/v2\/pages"}],"about":[{"href":"https:\/\/kanthak-business-intelligence.de\/about\/wp-json\/wp\/v2\/types\/page"}],"author":[{"embeddable":true,"href":"https:\/\/kanthak-business-intelligence.de\/about\/wp-json\/wp\/v2\/users\/1"}],"replies":[{"embeddable":true,"href":"https:\/\/kanthak-business-intelligence.de\/about\/wp-json\/wp\/v2\/comments?post=6"}],"version-history":[{"count":6,"href":"https:\/\/kanthak-business-intelligence.de\/about\/wp-json\/wp\/v2\/pages\/6\/revisions"}],"predecessor-version":[{"id":109,"href":"https:\/\/kanthak-business-intelligence.de\/about\/wp-json\/wp\/v2\/pages\/6\/revisions\/109"}],"wp:attachment":[{"href":"https:\/\/kanthak-business-intelligence.de\/about\/wp-json\/wp\/v2\/media?parent=6"}],"curies":[{"name":"wp","href":"https:\/\/api.w.org\/{rel}","templated":true}]}}